{"id":39555,"date":"2025-03-23T03:15:23","date_gmt":"2025-03-23T03:15:23","guid":{"rendered":"https:\/\/univala.com\/orders-tracking\/"},"modified":"2025-05-01T19:48:16","modified_gmt":"2025-05-01T17:48:16","slug":"orders-tracking","status":"publish","type":"page","link":"https:\/\/univala.com\/en\/orders-tracking\/","title":{"rendered":"Orders Tracking"},"content":{"rendered":"<div data-elementor-type=\"wp-page\" data-elementor-id=\"39555\" class=\"elementor elementor-39555\" data-elementor-post-type=\"page\">\n\t\t\t\t<div class=\"elementor-element elementor-element-3c5219e3 e-flex e-con-boxed e-con e-parent\" data-id=\"3c5219e3\" data-element_type=\"container\">\n\t\t\t\t\t<div class=\"e-con-inner\">\n\t\t\t\t<div class=\"elementor-element elementor-element-0bdb342 elementor-widget elementor-widget-heading\" data-id=\"0bdb342\" data-element_type=\"widget\" data-widget_type=\"heading.default\">\n\t\t\t\t<div class=\"elementor-widget-container\">\n\t\t\t\t\t<h2 class=\"elementor-heading-title elementor-size-default\">Suivez votre commande<\/h2>\t\t\t\t<\/div>\n\t\t\t\t<\/div>\n\t\t\t\t<div class=\"elementor-element elementor-element-75d9f8fb elementor-widget elementor-widget-shortcode\" data-id=\"75d9f8fb\" data-element_type=\"widget\" data-widget_type=\"shortcode.default\">\n\t\t\t\t<div class=\"elementor-widget-container\">\n\t\t\t\t\t\t\t<div class=\"elementor-shortcode\"><div id=\"as-root\"><\/div><script>(function(e,t,n){var r,i=e.getElementsByTagName(t)[0];if(e.getElementById(n))return;r=e.createElement(t);r.id=n;r.src=\"https:\/\/button.aftership.com\/all.js\";i.parentNode.insertBefore(r,i)})(document,\"script\",\"aftership-jssdk\")<\/script>\n\n\n<div class=\"as-track-button\" data-domain=\"track.aftership.com\" data-size=\"large\"><\/div><\/div>\n\t\t\t\t\t\t<\/div>\n\t\t\t\t<\/div>\n\t\t\t\t<div class=\"elementor-element elementor-element-a2a3100 elementor-widget elementor-widget-text-editor\" data-id=\"a2a3100\" data-element_type=\"widget\" data-widget_type=\"text-editor.default\">\n\t\t\t\t<div class=\"elementor-widget-container\">\n\t\t\t\t\t\t\t\t\t<p>Veuillez noter que le suivi peut ne pas \u00eatre mis \u00e0 jour imm\u00e9diatement apr\u00e8s r\u00e9ception du num\u00e9ro de suivi. En raison du fonctionnement du syst\u00e8me de suivi, il peut s\u2019\u00e9couler jusqu\u2019\u00e0 2 \u00e0 3 jours ouvr\u00e9s avant que les informations de suivi ne s\u2019affichent. Si vous ne voyez toujours pas d\u2019informations sur votre colis apr\u00e8s ce d\u00e9lai, veuillez contacter notre \u00e9quipe d\u2019assistance \u00e0 <strong><a href=\"mailto:support@univala.com\" target=\"_blank\" rel=\"noopener noreferrer\">support@univala.com<\/a><\/strong>.<\/p>\t\t\t\t\t\t\t\t<\/div>\n\t\t\t\t<\/div>\n\t\t\t\t\t<\/div>\n\t\t\t\t<\/div>\n\t\t\t\t<\/div>","protected":false},"excerpt":{"rendered":"<p>Suivez votre commande Veuillez noter que le suivi peut ne pas \u00eatre mis \u00e0 jour imm\u00e9diatement apr\u00e8s r\u00e9ception du num\u00e9ro de suivi. En raison du fonctionnement du syst\u00e8me de suivi, il peut s\u2019\u00e9couler jusqu\u2019\u00e0 2 \u00e0 3 jours ouvr\u00e9s avant que les informations de suivi ne s\u2019affichent. Si vous ne voyez toujours pas d\u2019informations sur [&hellip;]<\/p>","protected":false},"author":1,"featured_media":0,"parent":0,"menu_order":0,"comment_status":"closed","ping_status":"closed","template":"elementor_header_footer","meta":{"_seopress_robots_primary_cat":"","_seopress_titles_title":"","_seopress_titles_desc":"","_seopress_robots_index":"","iawp_total_views":422,"footnotes":""},"class_list":["post-39555","page","type-page","status-publish","hentry"],"_links":{"self":[{"href":"https:\/\/univala.com\/en\/wp-json\/wp\/v2\/pages\/39555","targetHints":{"allow":["GET"]}}],"collection":[{"href":"https:\/\/univala.com\/en\/wp-json\/wp\/v2\/pages"}],"about":[{"href":"https:\/\/univala.com\/en\/wp-json\/wp\/v2\/types\/page"}],"author":[{"embeddable":true,"href":"https:\/\/univala.com\/en\/wp-json\/wp\/v2\/users\/1"}],"replies":[{"embeddable":true,"href":"https:\/\/univala.com\/en\/wp-json\/wp\/v2\/comments?post=39555"}],"version-history":[{"count":0,"href":"https:\/\/univala.com\/en\/wp-json\/wp\/v2\/pages\/39555\/revisions"}],"wp:attachment":[{"href":"https:\/\/univala.com\/en\/wp-json\/wp\/v2\/media?parent=39555"}],"curies":[{"name":"wp","href":"https:\/\/api.w.org\/{rel}","templated":true}]}}